{"id":72,"date":"2017-11-24T11:43:03","date_gmt":"2017-11-24T10:43:03","guid":{"rendered":"http:\/\/closlesramiers.test\/?page_id=72"},"modified":"2019-04-24T16:05:21","modified_gmt":"2019-04-24T14:05:21","slug":"presse","status":"publish","type":"page","link":"https:\/\/closlesramiers.be\/nl\/presse\/","title":{"rendered":"Actualit\u00e9"},"content":{"rendered":"<p>[et_pb_section fb_built=&#8221;1&#8243; _builder_version=&#8221;3.0.86&#8243; background_image=&#8221;https:\/\/closlesramiers.be\/wp-content\/uploads\/2017\/12\/stonehaven-4.png&#8221; background_size=&#8221;initial&#8221; background_repeat=&#8221;repeat&#8221;][et_pb_row _builder_version=&#8221;3.0.47&#8243; background_size=&#8221;initial&#8221; background_position=&#8221;top_left&#8221; background_repeat=&#8221;repeat&#8221;][et_pb_column type=&#8221;1_2&#8243; _builder_version=&#8221;3.0.47&#8243; parallax=&#8221;off&#8221; parallax_method=&#8221;on&#8221;][et_pb_image _builder_version=&#8221;3.0.86&#8243;][\/et_pb_image][\/et_pb_column][et_pb_column type=&#8221;1_2&#8243; _builder_version=&#8221;3.0.47&#8243; parallax=&#8221;off&#8221; parallax_method=&#8221;on&#8221;][\/et_pb_column][\/et_pb_row][et_pb_row _builder_version=&#8221;3.0.47&#8243; background_size=&#8221;initial&#8221; background_position=&#8221;top_left&#8221; background_repeat=&#8221;repeat&#8221;][et_pb_column type=&#8221;4_4&#8243; _builder_version=&#8221;3.0.47&#8243; parallax=&#8221;off&#8221; parallax_method=&#8221;on&#8221;][et_pb_image _builder_version=&#8221;3.0.86&#8243;][\/et_pb_image][et_pb_image src=&#8221;https:\/\/closlesramiers.be\/wp-content\/uploads\/2019\/04\/Proximag-complet.jpg&#8221; _builder_version=&#8221;3.0.86&#8243;][\/et_pb_image][\/et_pb_column][\/et_pb_row][et_pb_row _builder_version=&#8221;3.0.47&#8243; background_size=&#8221;initial&#8221; background_position=&#8221;top_left&#8221; background_repeat=&#8221;repeat&#8221;][et_pb_column type=&#8221;4_4&#8243; _builder_version=&#8221;3.0.47&#8243; parallax=&#8221;off&#8221; parallax_method=&#8221;on&#8221;][et_pb_testimonial portrait_url=&#8221;https:\/\/closlesramiers.be\/wp-content\/uploads\/2019\/01\/ulule-logo.jpg&#8221; background_layout=&#8221;light&#8221; _builder_version=&#8221;3.0.86&#8243;]<\/p>\n<div id=\"article-text\" class=\"article-text\">\n<h1 style=\"text-align: center;\"><\/h1>\n<h1 style=\"text-align: center;\"><b>Mise en place d&#8217;un financement participatif :<\/b><\/h1>\n<p>&nbsp;<\/p>\n<p><b>Article paru dans La Meuse, le 4 janvier 2019<\/b><\/p>\n<\/div>\n<p>[\/et_pb_testimonial][et_pb_image src=&#8221;https:\/\/closlesramiers.be\/wp-content\/uploads\/2019\/01\/La-Meuse-4-janv-2019-1.jpg&#8221; _builder_version=&#8221;3.0.86&#8243;][\/et_pb_image][et_pb_image _builder_version=&#8221;3.0.86&#8243;][\/et_pb_image][\/et_pb_column][\/et_pb_row][et_pb_row _builder_version=&#8221;3.0.47&#8243; background_size=&#8221;initial&#8221; background_position=&#8221;top_left&#8221; background_repeat=&#8221;repeat&#8221;][et_pb_column type=&#8221;4_4&#8243; _builder_version=&#8221;3.0.47&#8243; parallax=&#8221;off&#8221; parallax_method=&#8221;on&#8221;][et_pb_testimonial portrait_url=&#8221;https:\/\/closlesramiers.be\/wp-content\/uploads\/2018\/11\/La-Meuse-26-11-18.jpg&#8221; background_layout=&#8221;light&#8221; _builder_version=&#8221;3.0.86&#8243;]<\/p>\n<div id=\"article-text\" class=\"article-text\">\n<h1 style=\"text-align: center;\"><strong>Participation au 23\u00e8me <span class=\"text-class-2\">Salon International du Vin et son Village Gourmand\u00a0<\/span><span class=\"text-class-2\">au <\/span><span class=\"text-class-3\">March\u00e9 Couvert de HANNUT<\/span><\/strong><\/h1>\n<p><strong><span class=\"text-class-3\">premier article paru dans la Meuse, le 26-11-2018<\/span><\/strong><\/p>\n<p><strong><span class=\"text-class-3\">second article praru dans L&#8217;Avenir, le 27-11-2018<\/span><\/strong><\/p>\n<\/div>\n<p>[\/et_pb_testimonial][et_pb_image src=&#8221;https:\/\/closlesramiers.be\/wp-content\/uploads\/2018\/12\/La-Meuse-26-11-18-mod.jpg&#8221; _builder_version=&#8221;3.0.86&#8243;][\/et_pb_image][et_pb_image src=&#8221;https:\/\/closlesramiers.be\/wp-content\/uploads\/2018\/12\/Avenir-27-11-18-complet.jpg&#8221; _builder_version=&#8221;3.0.86&#8243;][\/et_pb_image][et_pb_image _builder_version=&#8221;3.0.86&#8243;][\/et_pb_image][et_pb_testimonial background_layout=&#8221;light&#8221; _builder_version=&#8221;3.0.86&#8243;]<\/p>\n<div id=\"article-text\" class=\"article-text\">\n<p style=\"text-align: center;\"><strong>La Derni\u00e8re Heure<\/strong><\/p>\n<p><b><br \/>\nSurtout appr\u00e9ci\u00e9s pour les effervescents, les domaines belges s\u2019illustrent aussi dans les blancs<\/b><\/p>\n<p>Oui, on fait du vin en Belgique. Et pas que de la\u00a0<i>piquette<\/i>, m\u00eame si la production belge reste relativement confidentielle et que nos breuvages vineux n\u2019ont pas toujours eu tr\u00e8s bonne presse.<\/p>\n<p>Mais au fil des ans, comme le bon vin qui s\u2019am\u00e9liore, nos viticulteurs ont remis l\u2019ouvrage sur le m\u00e9tier, laiss\u00e9 la vigne faire son \u0153uvre et affin\u00e9 les techniques et assemblages pour proposer des bouteilles dignes de s\u2019aligner dans les concours internationaux.<\/p>\n<p>Le plus connu des vins belges, la cuv\u00e9e Ruffus, a d\u2019ailleurs r\u00e9ussi l\u2019exploit de s\u2019imposer dans les cat\u00e9gories des bulles dans plusieurs comp\u00e9titions, prouvant qu\u2019il n\u2019avait rien \u00e0 envier \u00e0 certains champagnes. L\u2019appellation champenoise \u00e9tant en effet prot\u00e9g\u00e9e g\u00e9ographiquement, c\u2019est de m\u00e9thode traditionnelle qu\u2019on parle lorsqu\u2019on \u00e9voque les bulles en Belgique.<\/p>\n<p>Et c\u2019est d\u2019ailleurs en mati\u00e8re de vins effervescents qu\u2019on excelle, m\u00eame si certains vins tranquilles commencent aussi \u00e0 conqu\u00e9rir leurs lettres de noblesse. Si les bulles belges ont autant la cote, c\u2019est parce que nos producteurs ont eu le bon go\u00fbt de faire appel au savoir-faire de ma\u00eetres en la mati\u00e8re, mais aussi et surtout parce que nos sols et notre climat sont proches de ceux de la champagne. Logique, donc, de voir l\u2019essentiel de la production belge se concentrer sur les vins blancs, qu\u2019ils soient mousseux ou non.<\/p>\n<p>Chaque ann\u00e9e, la Vereniging Vlaamse Sommeliers (Association des Sommeliers Flamands) d\u00e9cerne ses lauriers aux meilleures bouteilles du pays. Fronti\u00e8re linguistique oblige, les vins du Nord du pays y sont majoritairement repr\u00e9sent\u00e9s et donc prim\u00e9s. Seuls les vins commercialis\u00e9s (300 litres de production minimum) y ont \u00e9t\u00e9 pr\u00e9sent\u00e9s. Au total, 20 domaines et 32 vins ont \u00e9t\u00e9 aur\u00e9ol\u00e9s d\u2019une m\u00e9daille d\u2019or.<\/p>\n<h3><span style=\"color: #7c7c7c;\"><strong><u>Le palmar\u00e8s 2016<\/u><\/strong><\/span><\/h3>\n<p><span style=\"color: #7c7c7c;\">\u00a0<\/span><\/p>\n<p><span style=\"color: #7c7c7c;\"><b>Ch\u00e2teau Bon Baron :<\/b><\/span><\/p>\n<p><span style=\"color: #7c7c7c;\">Acolon 2014 et Auxerrois 2014<\/span><\/p>\n<p><span style=\"color: #0c0c0c;\"><em><strong>Clos Les Ramiers :<\/strong><\/em><\/span><\/p>\n<p><span style=\"color: #0c0c0c;\"><em>Chardonnay Barrique 2014 et Chardonnay Musqu\u00e9 2015<\/em><\/span><\/p>\n<p><span style=\"color: #7c7c7c;\"><b>Domaine du Chant d\u2019Eole :<\/b><\/span><\/p>\n<p><span style=\"color: #7c7c7c;\">Brut Blanc de Blancs 2014 (mousseux) et Brut Ros\u00e9 2014 (mousseux)<\/span><\/p>\n<p><span style=\"color: #7c7c7c;\"><b>Entre-Deux-Monts :<\/b><\/span><\/p>\n<p><span style=\"color: #7c7c7c;\">Wiscoutre 2014(mousseux) et Bacquaert Brut 13+14 (mousseux)<\/span><\/p>\n<p><span style=\"color: #7c7c7c;\"><b>Jos Daems&amp;zonen :<\/b><\/span><\/p>\n<p><span style=\"color: #7c7c7c;\">Josephine Brut Ros\u00e9 2013 (mousseux)<\/span><\/p>\n<p><span style=\"color: #7c7c7c;\"><b>Kluisberg :<\/b><\/span><\/p>\n<p><span style=\"color: #7c7c7c;\">Pinot Gris 2015 et Pinot Blanc 2015<\/span><\/p>\n<p><span style=\"color: #7c7c7c;\"><b>Schorpion :<\/b><\/span><\/p>\n<p><span style=\"color: #7c7c7c;\">Zwart Brut 2012 (mousseux)<\/span><\/p>\n<p><span style=\"color: #7c7c7c;\"><b>Vigna :<\/b><\/span><\/p>\n<p><span style=\"color: #7c7c7c;\">Johanniter Barrique<\/span><\/p>\n<p><span style=\"color: #7c7c7c;\"><b>Vignoble des Agaises :<\/b><\/span><\/p>\n<p><span style=\"color: #7c7c7c;\">Ruffus Brut Sauvage (mousseux) et Ruffus Blanc de Blancs (mousseux)<\/span><\/p>\n<p><span style=\"color: #7c7c7c;\"><b>Wijndomein Aldeneyck :<\/b><\/span><\/p>\n<p><span style=\"color: #7c7c7c;\">Chardonnay Heerenlaak 2014 et Pinot Brut 2014 (mousseux)<\/span><\/p>\n<p><span style=\"color: #7c7c7c;\"><b>Wijndomein Crutzberg :<\/b><\/span><\/p>\n<p><span style=\"color: #7c7c7c;\">Chardonnay Barrique 2015 et Brut Ros\u00e9 2014 (mousseux)<\/span><\/p>\n<p><span style=\"color: #7c7c7c;\"><b>Wijndomein Hoenshof :<\/b><\/span><\/p>\n<p><span style=\"color: #7c7c7c;\">Cuv\u00e9e Pinot 2014<\/span><\/p>\n<p><span style=\"color: #7c7c7c;\"><b>Wijndomein Kitsberg :<\/b><\/span><\/p>\n<p><span style=\"color: #7c7c7c;\">Chardonnay krachtig 2015<\/span><\/p>\n<p><span style=\"color: #7c7c7c;\"><b>Wijndomein Nobel :<\/b><\/span><\/p>\n<p><span style=\"color: #7c7c7c;\">Johanniter Bronner 2015<\/span><\/p>\n<p><span style=\"color: #7c7c7c;\"><b>Wijndomein Pietershof :<\/b><\/span><\/p>\n<p><span style=\"color: #7c7c7c;\">Chardonnay et Brut de Crindael (mousseux)<\/span><\/p>\n<p><span style=\"color: #7c7c7c;\"><b>Wijndomein Waes :<\/b><\/span><\/p>\n<p><span style=\"color: #7c7c7c;\">Bianca Solaris 2015<\/span><\/p>\n<p><span style=\"color: #7c7c7c;\"><b>Wijngoed De 3 Fonteinen :<\/b><\/span><\/p>\n<p><span style=\"color: #7c7c7c;\">Cuv\u00e9e rood 2015<\/span><\/p>\n<p><span style=\"color: #7c7c7c;\"><b>Wijngoed Zilver Cruys :<\/b><\/span><\/p>\n<p><span style=\"color: #7c7c7c;\">Wipers Pinot Noir \u2013 Cuv\u00e9e des deux Henri 2015 et Wipers Brut Nature (mousseux)<\/span><\/p>\n<p><span style=\"color: #7c7c7c;\"><b>Wijnhoeve d\u2019Hellekapelle :<\/b><\/span><\/p>\n<p><span style=\"color: #7c7c7c;\">Chardonnay 2015<\/span><\/p>\n<p><span style=\"color: #7c7c7c;\"><b>Wijnkasteel Genoels-Elderen :<\/b><\/span><\/p>\n<p><span style=\"color: #7c7c7c;\">Chardonnay Goud 2013, Chardonnay Blauw 2014, Zwarte Parel Brut 2012 (mousseux)<\/span><\/p>\n<figure class=\"insertedMedia\"><figcaption class=\"insertMedia_credits\">\u00a9 DR<\/figcaption><\/figure>\n<\/div>\n<div class=\"article-productionData-author--small\">V. S.<\/div>\n<p><strong class=\"et_pb_testimonial_author\">La Derni\u00e8re heure<\/strong><\/p>\n<p>[\/et_pb_testimonial][\/et_pb_column][\/et_pb_row][\/et_pb_section][et_pb_section fb_built=&#8221;1&#8243; inner_shadow=&#8221;on&#8221; _builder_version=&#8221;3.0.86&#8243; use_background_color_gradient=&#8221;on&#8221; background_image=&#8221;https:\/\/closlesramiers.be\/wp-content\/uploads\/2017\/11\/vignoble_bandeau.jpg&#8221;][\/et_pb_section]<\/p>\n","protected":false},"excerpt":{"rendered":"<p>[et_pb_section fb_built=&#8221;1&#8243; _builder_version=&#8221;3.0.86&#8243; background_image=&#8221;https:\/\/closlesramiers.be\/wp-content\/uploads\/2017\/12\/stonehaven-4.png&#8221; background_size=&#8221;initial&#8221; background_repeat=&#8221;repeat&#8221;][et_pb_row _builder_version=&#8221;3.0.47&#8243; background_size=&#8221;initial&#8221; background_position=&#8221;top_left&#8221; background_repeat=&#8221;repeat&#8221;][et_pb_column type=&#8221;1_2&#8243; _builder_version=&#8221;3.0.47&#8243; parallax=&#8221;off&#8221; parallax_method=&#8221;on&#8221;][et_pb_image _builder_version=&#8221;3.0.86&#8243;][\/et_pb_image][\/et_pb_column][et_pb_column type=&#8221;1_2&#8243; _builder_version=&#8221;3.0.47&#8243; parallax=&#8221;off&#8221; parallax_method=&#8221;on&#8221;][\/et_pb_column][\/et_pb_row][et_pb_row _builder_version=&#8221;3.0.47&#8243; background_size=&#8221;initial&#8221; background_position=&#8221;top_left&#8221; background_repeat=&#8221;repeat&#8221;][et_pb_column type=&#8221;4_4&#8243; _builder_version=&#8221;3.0.47&#8243; parallax=&#8221;off&#8221; parallax_method=&#8221;on&#8221;][et_pb_image _builder_version=&#8221;3.0.86&#8243;][\/et_pb_image][et_pb_image src=&#8221;https:\/\/closlesramiers.be\/wp-content\/uploads\/2019\/04\/Proximag-complet.jpg&#8221; _builder_version=&#8221;3.0.86&#8243;][\/et_pb_image][\/et_pb_column][\/et_pb_row][et_pb_row _builder_version=&#8221;3.0.47&#8243; background_size=&#8221;initial&#8221; background_position=&#8221;top_left&#8221; background_repeat=&#8221;repeat&#8221;][et_pb_column type=&#8221;4_4&#8243; _builder_version=&#8221;3.0.47&#8243; parallax=&#8221;off&#8221; parallax_method=&#8221;on&#8221;][et_pb_testimonial portrait_url=&#8221;https:\/\/closlesramiers.be\/wp-content\/uploads\/2019\/01\/ulule-logo.jpg&#8221; background_layout=&#8221;light&#8221; _builder_version=&#8221;3.0.86&#8243;] Mise en place d&#8217;un financement participatif : &nbsp; Article paru dans La Meuse, le [&hellip;]<\/p>\n","protected":false},"author":1,"featured_media":0,"parent":0,"menu_order":0,"comment_status":"closed","ping_status":"closed","template":"","meta":{"footnotes":""},"class_list":["post-72","page","type-page","status-publish","hentry"],"_links":{"self":[{"href":"https:\/\/closlesramiers.be\/nl\/wp-json\/wp\/v2\/pages\/72","targetHints":{"allow":["GET"]}}],"collection":[{"href":"https:\/\/closlesramiers.be\/nl\/wp-json\/wp\/v2\/pages"}],"about":[{"href":"https:\/\/closlesramiers.be\/nl\/wp-json\/wp\/v2\/types\/page"}],"author":[{"embeddable":true,"href":"https:\/\/closlesramiers.be\/nl\/wp-json\/wp\/v2\/users\/1"}],"replies":[{"embeddable":true,"href":"https:\/\/closlesramiers.be\/nl\/wp-json\/wp\/v2\/comments?post=72"}],"version-history":[{"count":36,"href":"https:\/\/closlesramiers.be\/nl\/wp-json\/wp\/v2\/pages\/72\/revisions"}],"predecessor-version":[{"id":1238,"href":"https:\/\/closlesramiers.be\/nl\/wp-json\/wp\/v2\/pages\/72\/revisions\/1238"}],"wp:attachment":[{"href":"https:\/\/closlesramiers.be\/nl\/wp-json\/wp\/v2\/media?parent=72"}],"curies":[{"name":"wp","href":"https:\/\/api.w.org\/{rel}","templated":true}]}}