{"id":771,"date":"2018-11-09T16:07:27","date_gmt":"2018-11-09T15:07:27","guid":{"rendered":"http:\/\/closlesramiers.test\/?page_id=771"},"modified":"2019-09-02T10:39:19","modified_gmt":"2019-09-02T08:39:19","slug":"crowdfunding","status":"publish","type":"page","link":"https:\/\/closlesramiers.be\/nl\/crowdfunding\/","title":{"rendered":"Crowdfunding"},"content":{"rendered":"<p>[et_pb_section fb_built=&#8221;1&#8243; _builder_version=&#8221;3.0.86&#8243; use_background_color_gradient=&#8221;on&#8221; background_color_gradient_start=&#8221;rgba(68,51,58,0.09)&#8221; background_color_gradient_end=&#8221;rgba(151,180,193,0.74)&#8221;][et_pb_row _builder_version=&#8221;3.0.86&#8243;][et_pb_column type=&#8221;4_4&#8243; _builder_version=&#8221;3.0.86&#8243; parallax=&#8221;off&#8221; parallax_method=&#8221;on&#8221;][et_pb_text _builder_version=&#8221;3.0.86&#8243;]<\/p>\n<p>En 2018, Carole a d\u00e9marr\u00e9 un crowdfunding, pour financer l\u2019achat de mat\u00e9riel de vinification. Son intention \u00e9tait d\u2019atteindre la somme de 5.000 euros, et le but a \u00e9t\u00e9 atteint. Au total elle a re\u00e7u 5.150 euros de g\u00e9n\u00e9reux donateurs. Carole en est tr\u00e8s contente et elle remercie de tout c\u0153ur tous ceux qui l\u2019ont aid\u00e9e. Bient\u00f4t elle va pouvoir commencer \u00e0 acheter le mat\u00e9riel et elle informera les donateurs de l\u2019utilisation de l\u2019argent. Ceci l\u2019aide \u00e0 r\u00e9aliser son r\u00eave.<\/p>\n<p>[\/et_pb_text][\/et_pb_column][\/et_pb_row][et_pb_row use_custom_width=&#8221;on&#8221; width_unit=&#8221;off&#8221; custom_width_percent=&#8221;95%&#8221; custom_padding=&#8221;27px|0px|27px|0px&#8221; _builder_version=&#8221;3.0.86&#8243; background_size=&#8221;initial&#8221; background_position=&#8221;top_left&#8221; background_repeat=&#8221;repeat&#8221;][et_pb_column type=&#8221;1_2&#8243; _builder_version=&#8221;3.0.86&#8243; parallax=&#8221;off&#8221; parallax_method=&#8221;on&#8221;][et_pb_image src=&#8221;https:\/\/closlesramiers.be\/wp-content\/uploads\/2018\/12\/La-Meuse-26-11-18-mod-1.jpg&#8221; _builder_version=&#8221;3.0.86&#8243; max_width_last_edited=&#8221;on|desktop&#8221; animation_style=&#8221;zoom&#8221; animation_duration=&#8221;1350ms&#8221; animation_delay=&#8221;100ms&#8221;][\/et_pb_image][\/et_pb_column][et_pb_column type=&#8221;1_2&#8243; _builder_version=&#8221;3.0.86&#8243; parallax=&#8221;off&#8221; parallax_method=&#8221;on&#8221;][et_pb_text _builder_version=&#8221;3.0.86&#8243; custom_margin=&#8221;80px|||&#8221;]<\/p>\n<p style=\"text-align: center;\"><span style=\"font-size: xx-large; color: #3d3d3d;\"><strong>Financement participatif pour grandir: <\/strong><\/span><\/p>\n<p><span style=\"font-size: xx-large; color: #3d3d3d;\"><strong>Merci \u00e0 tous ceux qui ont contribu\u00e9 \u00e0 la r\u00e9ussite de ce projet !!!<\/strong><\/span><\/p>\n<p><span style=\"color: #3d3d3d;\"><span style=\"font-size: x-large;\">Vous pouvez encore vous rendre sur le site pour y voir le d\u00e9roulement de ce projet.<\/span><\/span><\/p>\n<p>&nbsp;<\/p>\n<p><span style=\"font-size: x-large;\"><a href=\"https:\/\/fr.ulule.com\/le-vignoble-de-carole\/\"><em><strong>https:\/\/fr.ulule.com\/le-vignoble-de-carole\/<\/strong><\/em><\/a><\/span><\/p>\n<p>[\/et_pb_text][et_pb_image _builder_version=&#8221;3.0.86&#8243;][\/et_pb_image][\/et_pb_column][\/et_pb_row][\/et_pb_section]<\/p>\n","protected":false},"excerpt":{"rendered":"<p>[et_pb_section fb_built=&#8221;1&#8243; _builder_version=&#8221;3.0.86&#8243; use_background_color_gradient=&#8221;on&#8221; background_color_gradient_start=&#8221;rgba(68,51,58,0.09)&#8221; background_color_gradient_end=&#8221;rgba(151,180,193,0.74)&#8221;][et_pb_row _builder_version=&#8221;3.0.86&#8243;][et_pb_column type=&#8221;4_4&#8243; _builder_version=&#8221;3.0.86&#8243; parallax=&#8221;off&#8221; parallax_method=&#8221;on&#8221;][et_pb_text _builder_version=&#8221;3.0.86&#8243;] En 2018, Carole a d\u00e9marr\u00e9 un crowdfunding, pour financer l\u2019achat de mat\u00e9riel de vinification. Son intention \u00e9tait d\u2019atteindre la somme de 5.000 euros, et le but a \u00e9t\u00e9 atteint. Au total elle a re\u00e7u 5.150 euros de g\u00e9n\u00e9reux donateurs. Carole en est tr\u00e8s [&hellip;]<\/p>\n","protected":false},"author":2,"featured_media":0,"parent":0,"menu_order":0,"comment_status":"closed","ping_status":"closed","template":"","meta":{"footnotes":""},"class_list":["post-771","page","type-page","status-publish","hentry"],"_links":{"self":[{"href":"https:\/\/closlesramiers.be\/nl\/wp-json\/wp\/v2\/pages\/771","targetHints":{"allow":["GET"]}}],"collection":[{"href":"https:\/\/closlesramiers.be\/nl\/wp-json\/wp\/v2\/pages"}],"about":[{"href":"https:\/\/closlesramiers.be\/nl\/wp-json\/wp\/v2\/types\/page"}],"author":[{"embeddable":true,"href":"https:\/\/closlesramiers.be\/nl\/wp-json\/wp\/v2\/users\/2"}],"replies":[{"embeddable":true,"href":"https:\/\/closlesramiers.be\/nl\/wp-json\/wp\/v2\/comments?post=771"}],"version-history":[{"count":25,"href":"https:\/\/closlesramiers.be\/nl\/wp-json\/wp\/v2\/pages\/771\/revisions"}],"predecessor-version":[{"id":1565,"href":"https:\/\/closlesramiers.be\/nl\/wp-json\/wp\/v2\/pages\/771\/revisions\/1565"}],"wp:attachment":[{"href":"https:\/\/closlesramiers.be\/nl\/wp-json\/wp\/v2\/media?parent=771"}],"curies":[{"name":"wp","href":"https:\/\/api.w.org\/{rel}","templated":true}]}}